{"id":11234,"date":"2019-11-29T14:03:16","date_gmt":"2019-11-29T14:03:16","guid":{"rendered":"http:\/\/profiparts.onderhoudwebsite.nl\/product\/sixbrause-mit-6-spruehmoeglichkeiten-blau\/"},"modified":"2019-11-29T14:03:28","modified_gmt":"2019-11-29T14:03:28","slug":"sixbrause-mit-6-spruehmoeglichkeiten-blau","status":"publish","type":"product","link":"https:\/\/www.profiparts.nl\/de\/produkt\/sixbrause-mit-6-spruehmoeglichkeiten-blau\/","title":{"rendered":"Sixbrause mit 6 Spr\u00fchm\u00f6glichkeiten, blau"},"content":{"rendered":"<p>Sixbrause mit 6 Spr\u00fchm\u00f6glichkeiten, blau<\/p>\n","protected":false},"excerpt":{"rendered":"<p>Sixbrause mit 6 Spr\u00fchm\u00f6glichkeiten, blau<\/p>\n","protected":false},"featured_media":2365,"template":"","meta":[],"product_brand":[],"product_cat":[81,82],"product_tag":[],"class_list":{"0":"post-11234","1":"product","2":"type-product","3":"status-publish","4":"has-post-thumbnail","6":"product_cat-produkte","7":"product_cat-reinigung-und-hygiene","9":"first","10":"instock","11":"purchasable","12":"product-type-simple"},"_links":{"self":[{"href":"https:\/\/www.profiparts.nl\/de\/wp-json\/wp\/v2\/product\/11234","targetHints":{"allow":["GET"]}}],"collection":[{"href":"https:\/\/www.profiparts.nl\/de\/wp-json\/wp\/v2\/product"}],"about":[{"href":"https:\/\/www.profiparts.nl\/de\/wp-json\/wp\/v2\/types\/product"}],"wp:featuredmedia":[{"embeddable":true,"href":"https:\/\/www.profiparts.nl\/de\/wp-json\/wp\/v2\/media\/2365"}],"wp:attachment":[{"href":"https:\/\/www.profiparts.nl\/de\/wp-json\/wp\/v2\/media?parent=11234"}],"wp:term":[{"taxonomy":"product_brand","embeddable":true,"href":"https:\/\/www.profiparts.nl\/de\/wp-json\/wp\/v2\/product_brand?post=11234"},{"taxonomy":"product_cat","embeddable":true,"href":"https:\/\/www.profiparts.nl\/de\/wp-json\/wp\/v2\/product_cat?post=11234"},{"taxonomy":"product_tag","embeddable":true,"href":"https:\/\/www.profiparts.nl\/de\/wp-json\/wp\/v2\/product_tag?post=11234"}],"curies":[{"name":"wp","href":"https:\/\/api.w.org\/{rel}","templated":true}]}}