{"id":11218,"date":"2019-11-29T14:02:09","date_gmt":"2019-11-29T14:02:09","guid":{"rendered":"http:\/\/profiparts.onderhoudwebsite.nl\/product\/gummi-spueltasse-oe65-mm-35-mm-hoch\/"},"modified":"2019-11-29T14:02:15","modified_gmt":"2019-11-29T14:02:15","slug":"gummi-spueltasse-oe65-mm-35-mm-hoch","status":"publish","type":"product","link":"https:\/\/www.profiparts.nl\/de\/produkt\/gummi-spueltasse-oe65-mm-35-mm-hoch\/","title":{"rendered":"Gummi Sp\u00fcltasse \u00d865 mm, 35 mm hoch"},"content":{"rendered":"<p>Gummi Sp\u00fcltasse \u00d865 mm, 35 mm hoch<\/p>\n","protected":false},"excerpt":{"rendered":"<p>pass. f\u00fcr Art. 3384<\/p>\n","protected":false},"featured_media":0,"template":"","meta":[],"product_brand":[],"product_cat":[81,82],"product_tag":[],"class_list":{"0":"post-11218","1":"product","2":"type-product","3":"status-publish","5":"product_cat-produkte","6":"product_cat-reinigung-und-hygiene","8":"first","9":"instock","10":"purchasable","11":"product-type-simple"},"_links":{"self":[{"href":"https:\/\/www.profiparts.nl\/de\/wp-json\/wp\/v2\/product\/11218","targetHints":{"allow":["GET"]}}],"collection":[{"href":"https:\/\/www.profiparts.nl\/de\/wp-json\/wp\/v2\/product"}],"about":[{"href":"https:\/\/www.profiparts.nl\/de\/wp-json\/wp\/v2\/types\/product"}],"wp:attachment":[{"href":"https:\/\/www.profiparts.nl\/de\/wp-json\/wp\/v2\/media?parent=11218"}],"wp:term":[{"taxonomy":"product_brand","embeddable":true,"href":"https:\/\/www.profiparts.nl\/de\/wp-json\/wp\/v2\/product_brand?post=11218"},{"taxonomy":"product_cat","embeddable":true,"href":"https:\/\/www.profiparts.nl\/de\/wp-json\/wp\/v2\/product_cat?post=11218"},{"taxonomy":"product_tag","embeddable":true,"href":"https:\/\/www.profiparts.nl\/de\/wp-json\/wp\/v2\/product_tag?post=11218"}],"curies":[{"name":"wp","href":"https:\/\/api.w.org\/{rel}","templated":true}]}}