{"id":11213,"date":"2019-11-29T14:01:49","date_gmt":"2019-11-29T14:01:49","guid":{"rendered":"http:\/\/profiparts.onderhoudwebsite.nl\/product\/kunststoff-spuelduese\/"},"modified":"2019-11-29T14:01:59","modified_gmt":"2019-11-29T14:01:59","slug":"kunststoff-spuelduese","status":"publish","type":"product","link":"https:\/\/www.profiparts.nl\/de\/produkt\/kunststoff-spuelduese\/","title":{"rendered":"Kunststoff Sp\u00fcld\u00fcse"},"content":{"rendered":"<p>Kunststoff Sp\u00fcld\u00fcse<\/p>\n","protected":false},"excerpt":{"rendered":"<p>pass. f\u00fcr Art. 3386\/3387<\/p>\n","protected":false},"featured_media":4150,"template":"","meta":[],"product_brand":[],"product_cat":[81,82],"product_tag":[],"class_list":{"0":"post-11213","1":"product","2":"type-product","3":"status-publish","4":"has-post-thumbnail","6":"product_cat-produkte","7":"product_cat-reinigung-und-hygiene","9":"first","10":"instock","11":"purchasable","12":"product-type-simple"},"_links":{"self":[{"href":"https:\/\/www.profiparts.nl\/de\/wp-json\/wp\/v2\/product\/11213","targetHints":{"allow":["GET"]}}],"collection":[{"href":"https:\/\/www.profiparts.nl\/de\/wp-json\/wp\/v2\/product"}],"about":[{"href":"https:\/\/www.profiparts.nl\/de\/wp-json\/wp\/v2\/types\/product"}],"wp:featuredmedia":[{"embeddable":true,"href":"https:\/\/www.profiparts.nl\/de\/wp-json\/wp\/v2\/media\/4150"}],"wp:attachment":[{"href":"https:\/\/www.profiparts.nl\/de\/wp-json\/wp\/v2\/media?parent=11213"}],"wp:term":[{"taxonomy":"product_brand","embeddable":true,"href":"https:\/\/www.profiparts.nl\/de\/wp-json\/wp\/v2\/product_brand?post=11213"},{"taxonomy":"product_cat","embeddable":true,"href":"https:\/\/www.profiparts.nl\/de\/wp-json\/wp\/v2\/product_cat?post=11213"},{"taxonomy":"product_tag","embeddable":true,"href":"https:\/\/www.profiparts.nl\/de\/wp-json\/wp\/v2\/product_tag?post=11213"}],"curies":[{"name":"wp","href":"https:\/\/api.w.org\/{rel}","templated":true}]}}