{"id":11211,"date":"2019-11-29T14:01:32","date_gmt":"2019-11-29T14:01:32","guid":{"rendered":"http:\/\/profiparts.onderhoudwebsite.nl\/product\/kunststoff-spuelbecker-oe65-45-mm\/"},"modified":"2019-11-29T14:01:41","modified_gmt":"2019-11-29T14:01:41","slug":"kunststoff-spuelbecker-oe65-45-mm","status":"publish","type":"product","link":"https:\/\/www.profiparts.nl\/de\/produkt\/kunststoff-spuelbecker-oe65-45-mm\/","title":{"rendered":"Kunststoff Sp\u00fclbecker \u00d865-45 mm"},"content":{"rendered":"<p>Kunststoff Sp\u00fclbecker \u00d865-45 mm<\/p>\n","protected":false},"excerpt":{"rendered":"<p>Mit 25 mm Au\u00dfengewinde f\u00fcr Montage.<\/p>\n","protected":false},"featured_media":2359,"template":"","meta":[],"product_brand":[],"product_cat":[81,82],"product_tag":[],"class_list":{"0":"post-11211","1":"product","2":"type-product","3":"status-publish","4":"has-post-thumbnail","6":"product_cat-produkte","7":"product_cat-reinigung-und-hygiene","9":"first","10":"instock","11":"purchasable","12":"product-type-simple"},"_links":{"self":[{"href":"https:\/\/www.profiparts.nl\/de\/wp-json\/wp\/v2\/product\/11211","targetHints":{"allow":["GET"]}}],"collection":[{"href":"https:\/\/www.profiparts.nl\/de\/wp-json\/wp\/v2\/product"}],"about":[{"href":"https:\/\/www.profiparts.nl\/de\/wp-json\/wp\/v2\/types\/product"}],"wp:featuredmedia":[{"embeddable":true,"href":"https:\/\/www.profiparts.nl\/de\/wp-json\/wp\/v2\/media\/2359"}],"wp:attachment":[{"href":"https:\/\/www.profiparts.nl\/de\/wp-json\/wp\/v2\/media?parent=11211"}],"wp:term":[{"taxonomy":"product_brand","embeddable":true,"href":"https:\/\/www.profiparts.nl\/de\/wp-json\/wp\/v2\/product_brand?post=11211"},{"taxonomy":"product_cat","embeddable":true,"href":"https:\/\/www.profiparts.nl\/de\/wp-json\/wp\/v2\/product_cat?post=11211"},{"taxonomy":"product_tag","embeddable":true,"href":"https:\/\/www.profiparts.nl\/de\/wp-json\/wp\/v2\/product_tag?post=11211"}],"curies":[{"name":"wp","href":"https:\/\/api.w.org\/{rel}","templated":true}]}}