{"id":11207,"date":"2019-11-29T14:01:16","date_gmt":"2019-11-29T14:01:16","guid":{"rendered":"http:\/\/profiparts.onderhoudwebsite.nl\/product\/spuelkopf-oe44-mm-korr-hy-jet-10\/"},"modified":"2019-11-29T14:01:25","modified_gmt":"2019-11-29T14:01:25","slug":"spuelkopf-oe44-mm-korr-hy-jet-10","status":"publish","type":"product","link":"https:\/\/www.profiparts.nl\/de\/produkt\/spuelkopf-oe44-mm-korr-hy-jet-10\/","title":{"rendered":"Sp\u00fclkopf \u00d844 mm korr. Hy Jet 10"},"content":{"rendered":"<p>Sp\u00fclkopf \u00d844 mm korr. Hy Jet 10<\/p>\n","protected":false},"excerpt":{"rendered":"<p>Sp\u00fclkopf \u00d844 mm korr. Hy Jet 10<\/p>\n","protected":false},"featured_media":3391,"template":"","meta":[],"product_brand":[],"product_cat":[81,82],"product_tag":[],"class_list":{"0":"post-11207","1":"product","2":"type-product","3":"status-publish","4":"has-post-thumbnail","6":"product_cat-produkte","7":"product_cat-reinigung-und-hygiene","9":"first","10":"instock","11":"purchasable","12":"product-type-simple"},"_links":{"self":[{"href":"https:\/\/www.profiparts.nl\/de\/wp-json\/wp\/v2\/product\/11207","targetHints":{"allow":["GET"]}}],"collection":[{"href":"https:\/\/www.profiparts.nl\/de\/wp-json\/wp\/v2\/product"}],"about":[{"href":"https:\/\/www.profiparts.nl\/de\/wp-json\/wp\/v2\/types\/product"}],"wp:featuredmedia":[{"embeddable":true,"href":"https:\/\/www.profiparts.nl\/de\/wp-json\/wp\/v2\/media\/3391"}],"wp:attachment":[{"href":"https:\/\/www.profiparts.nl\/de\/wp-json\/wp\/v2\/media?parent=11207"}],"wp:term":[{"taxonomy":"product_brand","embeddable":true,"href":"https:\/\/www.profiparts.nl\/de\/wp-json\/wp\/v2\/product_brand?post=11207"},{"taxonomy":"product_cat","embeddable":true,"href":"https:\/\/www.profiparts.nl\/de\/wp-json\/wp\/v2\/product_cat?post=11207"},{"taxonomy":"product_tag","embeddable":true,"href":"https:\/\/www.profiparts.nl\/de\/wp-json\/wp\/v2\/product_tag?post=11207"}],"curies":[{"name":"wp","href":"https:\/\/api.w.org\/{rel}","templated":true}]}}