{"id":11205,"date":"2019-11-29T14:01:02","date_gmt":"2019-11-29T14:01:02","guid":{"rendered":"http:\/\/profiparts.onderhoudwebsite.nl\/product\/spuelkopf-oe60-mm-korr-delaval-7271362\/"},"modified":"2019-11-29T14:01:13","modified_gmt":"2019-11-29T14:01:13","slug":"spuelkopf-oe60-mm-korr-delaval-7271362","status":"publish","type":"product","link":"https:\/\/www.profiparts.nl\/de\/produkt\/spuelkopf-oe60-mm-korr-delaval-7271362\/","title":{"rendered":"Sp\u00fclkopf \u00d860 mm korr. DeLaval 7271362"},"content":{"rendered":"<p>Sp\u00fclkopf \u00d860 mm korr. DeLaval 7271362<\/p>\n","protected":false},"excerpt":{"rendered":"<p>auch pass. f\u00fcr Silikonen Ziegen Zitzengummi&#8217;s<\/p>\n","protected":false},"featured_media":3397,"template":"","meta":[],"product_brand":[],"product_cat":[216,213,81,82],"product_tag":[],"class_list":{"0":"post-11205","1":"product","2":"type-product","3":"status-publish","4":"has-post-thumbnail","6":"product_cat-korr-delaval","7":"product_cat-markenubersicht","8":"product_cat-produkte","9":"product_cat-reinigung-und-hygiene","11":"first","12":"outofstock","13":"product-type-simple"},"_links":{"self":[{"href":"https:\/\/www.profiparts.nl\/de\/wp-json\/wp\/v2\/product\/11205","targetHints":{"allow":["GET"]}}],"collection":[{"href":"https:\/\/www.profiparts.nl\/de\/wp-json\/wp\/v2\/product"}],"about":[{"href":"https:\/\/www.profiparts.nl\/de\/wp-json\/wp\/v2\/types\/product"}],"wp:featuredmedia":[{"embeddable":true,"href":"https:\/\/www.profiparts.nl\/de\/wp-json\/wp\/v2\/media\/3397"}],"wp:attachment":[{"href":"https:\/\/www.profiparts.nl\/de\/wp-json\/wp\/v2\/media?parent=11205"}],"wp:term":[{"taxonomy":"product_brand","embeddable":true,"href":"https:\/\/www.profiparts.nl\/de\/wp-json\/wp\/v2\/product_brand?post=11205"},{"taxonomy":"product_cat","embeddable":true,"href":"https:\/\/www.profiparts.nl\/de\/wp-json\/wp\/v2\/product_cat?post=11205"},{"taxonomy":"product_tag","embeddable":true,"href":"https:\/\/www.profiparts.nl\/de\/wp-json\/wp\/v2\/product_tag?post=11205"}],"curies":[{"name":"wp","href":"https:\/\/api.w.org\/{rel}","templated":true}]}}