{"id":11203,"date":"2019-11-29T14:00:44","date_gmt":"2019-11-29T14:00:44","guid":{"rendered":"http:\/\/profiparts.onderhoudwebsite.nl\/product\/spuelkopf-oe45-mm-korr-gascoigne-melotte-mk-2\/"},"modified":"2019-11-29T14:01:04","modified_gmt":"2019-11-29T14:01:04","slug":"spuelkopf-oe45-mm-korr-gascoigne-melotte-mk-2","status":"publish","type":"product","link":"https:\/\/www.profiparts.nl\/de\/produkt\/spuelkopf-oe45-mm-korr-gascoigne-melotte-mk-2\/","title":{"rendered":"Sp\u00fclkopf \u00d845 mm korr. Gascoigne Melotte MK 2"},"content":{"rendered":"<p>Sp\u00fclkopf \u00d845 mm korr. Gascoigne Melotte MK 2<\/p>\n","protected":false},"excerpt":{"rendered":"<p>Sp\u00fclkopf \u00d845 mm korr. Gascoigne Melotte MK 2<\/p>\n","protected":false},"featured_media":3376,"template":"","meta":[],"product_brand":[],"product_cat":[218,213,81,82],"product_tag":[],"class_list":{"0":"post-11203","1":"product","2":"type-product","3":"status-publish","4":"has-post-thumbnail","6":"product_cat-korr-gascoigne-melotte","7":"product_cat-markenubersicht","8":"product_cat-produkte","9":"product_cat-reinigung-und-hygiene","11":"first","12":"instock","13":"purchasable","14":"product-type-simple"},"_links":{"self":[{"href":"https:\/\/www.profiparts.nl\/de\/wp-json\/wp\/v2\/product\/11203","targetHints":{"allow":["GET"]}}],"collection":[{"href":"https:\/\/www.profiparts.nl\/de\/wp-json\/wp\/v2\/product"}],"about":[{"href":"https:\/\/www.profiparts.nl\/de\/wp-json\/wp\/v2\/types\/product"}],"wp:featuredmedia":[{"embeddable":true,"href":"https:\/\/www.profiparts.nl\/de\/wp-json\/wp\/v2\/media\/3376"}],"wp:attachment":[{"href":"https:\/\/www.profiparts.nl\/de\/wp-json\/wp\/v2\/media?parent=11203"}],"wp:term":[{"taxonomy":"product_brand","embeddable":true,"href":"https:\/\/www.profiparts.nl\/de\/wp-json\/wp\/v2\/product_brand?post=11203"},{"taxonomy":"product_cat","embeddable":true,"href":"https:\/\/www.profiparts.nl\/de\/wp-json\/wp\/v2\/product_cat?post=11203"},{"taxonomy":"product_tag","embeddable":true,"href":"https:\/\/www.profiparts.nl\/de\/wp-json\/wp\/v2\/product_tag?post=11203"}],"curies":[{"name":"wp","href":"https:\/\/api.w.org\/{rel}","templated":true}]}}