{"id":11202,"date":"2019-11-29T14:00:44","date_gmt":"2019-11-29T14:00:44","guid":{"rendered":"http:\/\/profiparts.onderhoudwebsite.nl\/product\/abstandsring-fuer-spuelfinger-korr-delaval-905-087-01\/"},"modified":"2019-11-29T14:00:59","modified_gmt":"2019-11-29T14:00:59","slug":"abstandsring-fuer-spuelfinger-korr-delaval-905-087-01","status":"publish","type":"product","link":"https:\/\/www.profiparts.nl\/de\/produkt\/abstandsring-fuer-spuelfinger-korr-delaval-905-087-01\/","title":{"rendered":"Abstandsring f\u00fcr Sp\u00fclfinger korr. DeLaval 905.087-01"},"content":{"rendered":"<p>Abstandsring f\u00fcr Sp\u00fclfinger korr. DeLaval 905.087-01<\/p>\n","protected":false},"excerpt":{"rendered":"<p>Abstandsring f\u00fcr Sp\u00fclfinger korr. DeLaval 905.087-01<\/p>\n","protected":false},"featured_media":2305,"template":"","meta":[],"product_brand":[],"product_cat":[216,213,81,82],"product_tag":[],"class_list":{"0":"post-11202","1":"product","2":"type-product","3":"status-publish","4":"has-post-thumbnail","6":"product_cat-korr-delaval","7":"product_cat-markenubersicht","8":"product_cat-produkte","9":"product_cat-reinigung-und-hygiene","11":"first","12":"outofstock","13":"product-type-simple"},"_links":{"self":[{"href":"https:\/\/www.profiparts.nl\/de\/wp-json\/wp\/v2\/product\/11202","targetHints":{"allow":["GET"]}}],"collection":[{"href":"https:\/\/www.profiparts.nl\/de\/wp-json\/wp\/v2\/product"}],"about":[{"href":"https:\/\/www.profiparts.nl\/de\/wp-json\/wp\/v2\/types\/product"}],"wp:featuredmedia":[{"embeddable":true,"href":"https:\/\/www.profiparts.nl\/de\/wp-json\/wp\/v2\/media\/2305"}],"wp:attachment":[{"href":"https:\/\/www.profiparts.nl\/de\/wp-json\/wp\/v2\/media?parent=11202"}],"wp:term":[{"taxonomy":"product_brand","embeddable":true,"href":"https:\/\/www.profiparts.nl\/de\/wp-json\/wp\/v2\/product_brand?post=11202"},{"taxonomy":"product_cat","embeddable":true,"href":"https:\/\/www.profiparts.nl\/de\/wp-json\/wp\/v2\/product_cat?post=11202"},{"taxonomy":"product_tag","embeddable":true,"href":"https:\/\/www.profiparts.nl\/de\/wp-json\/wp\/v2\/product_tag?post=11202"}],"curies":[{"name":"wp","href":"https:\/\/api.w.org\/{rel}","templated":true}]}}