{"id":11192,"date":"2019-11-29T14:00:03","date_gmt":"2019-11-29T14:00:03","guid":{"rendered":"http:\/\/profiparts.onderhoudwebsite.nl\/product\/spuelkopf-oe24-mm-schwarz-korr-westfalia\/"},"modified":"2019-11-29T14:00:12","modified_gmt":"2019-11-29T14:00:12","slug":"spuelkopf-oe24-mm-schwarz-korr-westfalia","status":"publish","type":"product","link":"https:\/\/www.profiparts.nl\/de\/produkt\/spuelkopf-oe24-mm-schwarz-korr-westfalia\/","title":{"rendered":"Sp\u00fclkopf \u00d824 mm, schwarz korr. Westfalia"},"content":{"rendered":"<p>Sp\u00fclkopf \u00d824 mm, schwarz korr. Westfalia<\/p>\n","protected":false},"excerpt":{"rendered":"<p>Sp\u00fclkopf \u00d824 mm, schwarz korr. Westfalia<\/p>\n","protected":false},"featured_media":2353,"template":"","meta":[],"product_brand":[],"product_cat":[224,213,81,82],"product_tag":[],"class_list":{"0":"post-11192","1":"product","2":"type-product","3":"status-publish","4":"has-post-thumbnail","6":"product_cat-korr-westfalia","7":"product_cat-markenubersicht","8":"product_cat-produkte","9":"product_cat-reinigung-und-hygiene","11":"first","12":"instock","13":"purchasable","14":"product-type-simple"},"_links":{"self":[{"href":"https:\/\/www.profiparts.nl\/de\/wp-json\/wp\/v2\/product\/11192","targetHints":{"allow":["GET"]}}],"collection":[{"href":"https:\/\/www.profiparts.nl\/de\/wp-json\/wp\/v2\/product"}],"about":[{"href":"https:\/\/www.profiparts.nl\/de\/wp-json\/wp\/v2\/types\/product"}],"wp:featuredmedia":[{"embeddable":true,"href":"https:\/\/www.profiparts.nl\/de\/wp-json\/wp\/v2\/media\/2353"}],"wp:attachment":[{"href":"https:\/\/www.profiparts.nl\/de\/wp-json\/wp\/v2\/media?parent=11192"}],"wp:term":[{"taxonomy":"product_brand","embeddable":true,"href":"https:\/\/www.profiparts.nl\/de\/wp-json\/wp\/v2\/product_brand?post=11192"},{"taxonomy":"product_cat","embeddable":true,"href":"https:\/\/www.profiparts.nl\/de\/wp-json\/wp\/v2\/product_cat?post=11192"},{"taxonomy":"product_tag","embeddable":true,"href":"https:\/\/www.profiparts.nl\/de\/wp-json\/wp\/v2\/product_tag?post=11192"}],"curies":[{"name":"wp","href":"https:\/\/api.w.org\/{rel}","templated":true}]}}