{"id":11182,"date":"2019-11-29T13:58:48","date_gmt":"2019-11-29T13:58:48","guid":{"rendered":"http:\/\/profiparts.onderhoudwebsite.nl\/product\/spuelkopf-oe20-mm\/"},"modified":"2019-11-29T13:59:18","modified_gmt":"2019-11-29T13:59:18","slug":"spuelkopf-oe20-mm","status":"publish","type":"product","link":"https:\/\/www.profiparts.nl\/de\/produkt\/spuelkopf-oe20-mm\/","title":{"rendered":"Sp\u00fclkopf \u00d820 mm"},"content":{"rendered":"<p>Sp\u00fclkopf \u00d820 mm<\/p>\n","protected":false},"excerpt":{"rendered":"<p>Sp\u00fclkopf \u00d820 mm<\/p>\n","protected":false},"featured_media":2344,"template":"","meta":[],"product_brand":[],"product_cat":[81,82],"product_tag":[],"class_list":{"0":"post-11182","1":"product","2":"type-product","3":"status-publish","4":"has-post-thumbnail","6":"product_cat-produkte","7":"product_cat-reinigung-und-hygiene","8":"pa_farbe-blau","9":"pa_farbe-schwarz","11":"first","12":"instock","13":"purchasable","14":"product-type-variable"},"_links":{"self":[{"href":"https:\/\/www.profiparts.nl\/de\/wp-json\/wp\/v2\/product\/11182","targetHints":{"allow":["GET"]}}],"collection":[{"href":"https:\/\/www.profiparts.nl\/de\/wp-json\/wp\/v2\/product"}],"about":[{"href":"https:\/\/www.profiparts.nl\/de\/wp-json\/wp\/v2\/types\/product"}],"wp:featuredmedia":[{"embeddable":true,"href":"https:\/\/www.profiparts.nl\/de\/wp-json\/wp\/v2\/media\/2344"}],"wp:attachment":[{"href":"https:\/\/www.profiparts.nl\/de\/wp-json\/wp\/v2\/media?parent=11182"}],"wp:term":[{"taxonomy":"product_brand","embeddable":true,"href":"https:\/\/www.profiparts.nl\/de\/wp-json\/wp\/v2\/product_brand?post=11182"},{"taxonomy":"product_cat","embeddable":true,"href":"https:\/\/www.profiparts.nl\/de\/wp-json\/wp\/v2\/product_cat?post=11182"},{"taxonomy":"product_tag","embeddable":true,"href":"https:\/\/www.profiparts.nl\/de\/wp-json\/wp\/v2\/product_tag?post=11182"}],"curies":[{"name":"wp","href":"https:\/\/api.w.org\/{rel}","templated":true}]}}