{"id":11178,"date":"2019-11-29T13:58:27","date_gmt":"2019-11-29T13:58:27","guid":{"rendered":"http:\/\/profiparts.onderhoudwebsite.nl\/product\/spuelschlauch-fuer-verteilerstueck-gestaerkt\/"},"modified":"2019-11-29T13:58:59","modified_gmt":"2019-11-29T13:58:59","slug":"spuelschlauch-fuer-verteilerstueck-gestaerkt","status":"publish","type":"product","link":"https:\/\/www.profiparts.nl\/de\/produkt\/spuelschlauch-fuer-verteilerstueck-gestaerkt\/","title":{"rendered":"Sp\u00fclschlauch f\u00fcr Verteilerst\u00fcck, gest\u00e4rkt"},"content":{"rendered":"<p>Sp\u00fclschlauch f\u00fcr Verteilerst\u00fcck, gest\u00e4rkt<\/p>\n","protected":false},"excerpt":{"rendered":"<p>Sp\u00fclschlauch f\u00fcr Verteilerst\u00fcck, gest\u00e4rkt<\/p>\n","protected":false},"featured_media":3256,"template":"","meta":[],"product_brand":[],"product_cat":[81,82,89],"product_tag":[],"class_list":{"0":"post-11178","1":"product","2":"type-product","3":"status-publish","4":"has-post-thumbnail","6":"product_cat-produkte","7":"product_cat-reinigung-und-hygiene","8":"product_cat-schlauche-und-zubehor","9":"pa_groesse-oe85-x-150-mm","10":"pa_groesse-oe85-x-180-mm","12":"first","13":"instock","14":"purchasable","15":"product-type-variable"},"_links":{"self":[{"href":"https:\/\/www.profiparts.nl\/de\/wp-json\/wp\/v2\/product\/11178","targetHints":{"allow":["GET"]}}],"collection":[{"href":"https:\/\/www.profiparts.nl\/de\/wp-json\/wp\/v2\/product"}],"about":[{"href":"https:\/\/www.profiparts.nl\/de\/wp-json\/wp\/v2\/types\/product"}],"wp:featuredmedia":[{"embeddable":true,"href":"https:\/\/www.profiparts.nl\/de\/wp-json\/wp\/v2\/media\/3256"}],"wp:attachment":[{"href":"https:\/\/www.profiparts.nl\/de\/wp-json\/wp\/v2\/media?parent=11178"}],"wp:term":[{"taxonomy":"product_brand","embeddable":true,"href":"https:\/\/www.profiparts.nl\/de\/wp-json\/wp\/v2\/product_brand?post=11178"},{"taxonomy":"product_cat","embeddable":true,"href":"https:\/\/www.profiparts.nl\/de\/wp-json\/wp\/v2\/product_cat?post=11178"},{"taxonomy":"product_tag","embeddable":true,"href":"https:\/\/www.profiparts.nl\/de\/wp-json\/wp\/v2\/product_tag?post=11178"}],"curies":[{"name":"wp","href":"https:\/\/api.w.org\/{rel}","templated":true}]}}