{"id":10739,"date":"2019-11-29T13:30:37","date_gmt":"2019-11-29T13:30:37","guid":{"rendered":"http:\/\/profiparts.onderhoudwebsite.nl\/product\/weisse-muffe-fuer-edelstahl-2-wegehahn\/"},"modified":"2019-11-29T13:30:44","modified_gmt":"2019-11-29T13:30:44","slug":"weisse-muffe-fuer-edelstahl-2-wegehahn","status":"publish","type":"product","link":"https:\/\/www.profiparts.nl\/de\/produkt\/weisse-muffe-fuer-edelstahl-2-wegehahn\/","title":{"rendered":"Wei\u00dfe Muffe f\u00fcr Edelstahl 2-Wegehahn"},"content":{"rendered":"<p>Wei\u00dfe Muffe f\u00fcr Edelstahl 2-Wegehahn<\/p>\n","protected":false},"excerpt":{"rendered":"<p>Wei\u00dfe Muffe f\u00fcr Edelstahl 2-Wegehahn<\/p>\n","protected":false},"featured_media":2542,"template":"","meta":[],"product_brand":[],"product_cat":[80,81],"product_tag":[],"class_list":{"0":"post-10739","1":"product","2":"type-product","3":"status-publish","4":"has-post-thumbnail","6":"product_cat-ersatzteile-fur-milch-und-vakuumleitungen","7":"product_cat-produkte","8":"pa_groesse-oe40-mm","9":"pa_groesse-oe50-mm","10":"pa_groesse-oe52-mm","11":"pa_groesse-oe63-mm","12":"pa_groesse-oe76-mm","14":"first","15":"instock","16":"purchasable","17":"product-type-variable"},"_links":{"self":[{"href":"https:\/\/www.profiparts.nl\/de\/wp-json\/wp\/v2\/product\/10739","targetHints":{"allow":["GET"]}}],"collection":[{"href":"https:\/\/www.profiparts.nl\/de\/wp-json\/wp\/v2\/product"}],"about":[{"href":"https:\/\/www.profiparts.nl\/de\/wp-json\/wp\/v2\/types\/product"}],"wp:featuredmedia":[{"embeddable":true,"href":"https:\/\/www.profiparts.nl\/de\/wp-json\/wp\/v2\/media\/2542"}],"wp:attachment":[{"href":"https:\/\/www.profiparts.nl\/de\/wp-json\/wp\/v2\/media?parent=10739"}],"wp:term":[{"taxonomy":"product_brand","embeddable":true,"href":"https:\/\/www.profiparts.nl\/de\/wp-json\/wp\/v2\/product_brand?post=10739"},{"taxonomy":"product_cat","embeddable":true,"href":"https:\/\/www.profiparts.nl\/de\/wp-json\/wp\/v2\/product_cat?post=10739"},{"taxonomy":"product_tag","embeddable":true,"href":"https:\/\/www.profiparts.nl\/de\/wp-json\/wp\/v2\/product_tag?post=10739"}],"curies":[{"name":"wp","href":"https:\/\/api.w.org\/{rel}","templated":true}]}}