{"id":10643,"date":"2019-11-29T13:28:58","date_gmt":"2019-11-29T13:28:58","guid":{"rendered":"http:\/\/profiparts.onderhoudwebsite.nl\/product\/edelstahl-schraube-oe63-x-25-mm-fuer-rohrklemme\/"},"modified":"2019-11-29T13:28:59","modified_gmt":"2019-11-29T13:28:59","slug":"edelstahl-schraube-oe63-x-25-mm-fuer-rohrklemme","status":"publish","type":"product","link":"https:\/\/www.profiparts.nl\/de\/produkt\/edelstahl-schraube-oe63-x-25-mm-fuer-rohrklemme\/","title":{"rendered":"Edelstahl Schraube \u00d86,3 x 25 mm f\u00fcr Rohrklemme"},"content":{"rendered":"<p>Edelstahl Schraube \u00d86,3 x 25 mm f\u00fcr Rohrklemme<\/p>\n","protected":false},"excerpt":{"rendered":"<p>Edelstahl Schraube \u00d86,3 x 25 mm f\u00fcr Rohrklemme<\/p>\n","protected":false},"featured_media":2221,"template":"","meta":[],"product_brand":[],"product_cat":[94,80,81],"product_tag":[],"class_list":{"0":"post-10643","1":"product","2":"type-product","3":"status-publish","4":"has-post-thumbnail","6":"product_cat-edelstahl-ersatzteile","7":"product_cat-ersatzteile-fur-milch-und-vakuumleitungen","8":"product_cat-produkte","10":"first","11":"instock","12":"purchasable","13":"product-type-simple"},"_links":{"self":[{"href":"https:\/\/www.profiparts.nl\/de\/wp-json\/wp\/v2\/product\/10643","targetHints":{"allow":["GET"]}}],"collection":[{"href":"https:\/\/www.profiparts.nl\/de\/wp-json\/wp\/v2\/product"}],"about":[{"href":"https:\/\/www.profiparts.nl\/de\/wp-json\/wp\/v2\/types\/product"}],"wp:featuredmedia":[{"embeddable":true,"href":"https:\/\/www.profiparts.nl\/de\/wp-json\/wp\/v2\/media\/2221"}],"wp:attachment":[{"href":"https:\/\/www.profiparts.nl\/de\/wp-json\/wp\/v2\/media?parent=10643"}],"wp:term":[{"taxonomy":"product_brand","embeddable":true,"href":"https:\/\/www.profiparts.nl\/de\/wp-json\/wp\/v2\/product_brand?post=10643"},{"taxonomy":"product_cat","embeddable":true,"href":"https:\/\/www.profiparts.nl\/de\/wp-json\/wp\/v2\/product_cat?post=10643"},{"taxonomy":"product_tag","embeddable":true,"href":"https:\/\/www.profiparts.nl\/de\/wp-json\/wp\/v2\/product_tag?post=10643"}],"curies":[{"name":"wp","href":"https:\/\/api.w.org\/{rel}","templated":true}]}}