{"id":10598,"date":"2019-11-29T13:28:06","date_gmt":"2019-11-29T13:28:06","guid":{"rendered":"http:\/\/profiparts.onderhoudwebsite.nl\/product\/oeffner-fuer-klappe-40-und-50-mm\/"},"modified":"2019-11-29T13:28:08","modified_gmt":"2019-11-29T13:28:08","slug":"oeffner-fuer-klappe-40-und-50-mm","status":"publish","type":"product","link":"https:\/\/www.profiparts.nl\/de\/produkt\/oeffner-fuer-klappe-40-und-50-mm\/","title":{"rendered":"\u00d6ffner f\u00fcr Klappe 40 und 50 mm"},"content":{"rendered":"<p>\u00d6ffner f\u00fcr Klappe 40 und 50 mm<\/p>\n","protected":false},"excerpt":{"rendered":"<p>\u00d6ffner f\u00fcr Klappe 40 und 50 mm<\/p>\n","protected":false},"featured_media":3433,"template":"","meta":[],"product_brand":[],"product_cat":[80,81],"product_tag":[],"class_list":{"0":"post-10598","1":"product","2":"type-product","3":"status-publish","4":"has-post-thumbnail","6":"product_cat-ersatzteile-fur-milch-und-vakuumleitungen","7":"product_cat-produkte","9":"first","10":"instock","11":"purchasable","12":"product-type-simple"},"_links":{"self":[{"href":"https:\/\/www.profiparts.nl\/de\/wp-json\/wp\/v2\/product\/10598","targetHints":{"allow":["GET"]}}],"collection":[{"href":"https:\/\/www.profiparts.nl\/de\/wp-json\/wp\/v2\/product"}],"about":[{"href":"https:\/\/www.profiparts.nl\/de\/wp-json\/wp\/v2\/types\/product"}],"wp:featuredmedia":[{"embeddable":true,"href":"https:\/\/www.profiparts.nl\/de\/wp-json\/wp\/v2\/media\/3433"}],"wp:attachment":[{"href":"https:\/\/www.profiparts.nl\/de\/wp-json\/wp\/v2\/media?parent=10598"}],"wp:term":[{"taxonomy":"product_brand","embeddable":true,"href":"https:\/\/www.profiparts.nl\/de\/wp-json\/wp\/v2\/product_brand?post=10598"},{"taxonomy":"product_cat","embeddable":true,"href":"https:\/\/www.profiparts.nl\/de\/wp-json\/wp\/v2\/product_cat?post=10598"},{"taxonomy":"product_tag","embeddable":true,"href":"https:\/\/www.profiparts.nl\/de\/wp-json\/wp\/v2\/product_tag?post=10598"}],"curies":[{"name":"wp","href":"https:\/\/api.w.org\/{rel}","templated":true}]}}