{"id":1328,"date":"2019-10-11T13:31:43","date_gmt":"2019-10-11T13:31:43","guid":{"rendered":"http:\/\/profiparts.onderhoudwebsite.nl\/?page_id=1328"},"modified":"2020-02-28T08:01:12","modified_gmt":"2020-02-28T08:01:12","slug":"kontakt","status":"publish","type":"page","link":"https:\/\/www.profiparts.nl\/de\/kontakt\/","title":{"rendered":"Kontakt"},"content":{"rendered":"<div class=\"wpb-content-wrapper\"><p>[vc_row][vc_column][vc_column_text]<strong>Profi-Parts b.v.<\/strong><br \/>\nGasthuisstraat 16-A<br \/>\n5061 PB Oisterwijk<br \/>\nThe Netherlands<\/p>\n<p>T +31 (0)13 528 8211<br \/>\nF +31 (0)13 521 9608<br \/>\nE <a href=\"mailto:sales@profiparts.nl\">sales@profiparts.nl<\/a><br \/>\nI www.profiparts.nl<\/p>\n<p>Haben Sie eine Frage oder einen Kommentar? F\u00fcllen Sie das untenstehende Formular aus und wir werden uns mit Ihnen in Verbindung setzen<\/p>\n<p>Profi Parts nimmt Ihre Privatsph\u00e4re ernst. Ihre Daten werden verwendet, um Sie zu kontaktieren. Die Daten werden nicht l\u00e4nger als n\u00f6tig gespeichert. Weitere Informationen finden Sie in unserer Datenschutzerkl\u00e4rung Die Daten werden nicht l\u00e4nger als n\u00f6tig aufbewahrt. Lesen Sie unsere <a href=\"https:\/\/www.profiparts.nl\/wp-content\/uploads\/2019\/10\/datenschutzerklarung-profiparts.pdf\" target=\"_new\" rel=\"noopener noreferrer\">Datenschutzerkl\u00e4rung<\/a>\u00a0f\u00fcr weitere Informationen.[\/vc_column_text][\/vc_column][\/vc_row][vc_row][vc_column width=&#8220;1\/3&#8243;][vc_column_text]<div class=\"frm_forms  with_frm_style frm_style_formidable-style\" id=\"frm_form_4_container\" >\n<form enctype=\"multipart\/form-data\" method=\"post\" class=\"frm-show-form \" id=\"form_contact-form23\" >\n<div class=\"frm_form_fields \">\n<fieldset>\n<legend class=\"frm_screen_reader\">Kontakt<\/legend>\r\n\r\n<div class=\"frm_fields_container\">\n<input type=\"hidden\" name=\"frm_action\" value=\"create\" \/>\n<input type=\"hidden\" name=\"form_id\" value=\"4\" \/>\n<input type=\"hidden\" name=\"frm_hide_fields_4\" id=\"frm_hide_fields_4\" value=\"\" \/>\n<input type=\"hidden\" name=\"form_key\" value=\"contact-form23\" \/>\n<input type=\"hidden\" name=\"item_meta[0]\" value=\"\" \/>\n<input type=\"hidden\" id=\"frm_submit_entry_4\" name=\"frm_submit_entry_4\" value=\"3c46e7da7f\" \/><input type=\"hidden\" name=\"_wp_http_referer\" value=\"\/de\/wp-json\/wp\/v2\/pages\/1328\" \/><div id=\"frm_field_18_container\" class=\"frm_form_field form-field  frm_required_field frm_top_container\">\r\n    <label for=\"field_qh4icy4\" id=\"field_qh4icy4_label\" class=\"frm_primary_label\">Name\r\n        <span class=\"frm_required\">*<\/span>\r\n    <\/label>\r\n    <input type=\"text\" id=\"field_qh4icy4\" name=\"item_meta[18]\" value=\"\"  data-reqmsg=\"Dit veld mag niet leeg zijn.\" aria-required=\"true\" data-invmsg=\"Name is ongeldig\" aria-invalid=\"false\"  \/>\r\n    \r\n    \r\n<\/div>\n<div id=\"frm_field_19_container\" class=\"frm_form_field form-field  frm_required_field frm_top_container frm_full\">\r\n    <label for=\"field_29yf4d4\" id=\"field_29yf4d4_label\" class=\"frm_primary_label\">Email\r\n        <span class=\"frm_required\">*<\/span>\r\n    <\/label>\r\n    <input type=\"email\" id=\"field_29yf4d4\" name=\"item_meta[19]\" value=\"\"  data-reqmsg=\"Dit veld mag niet leeg zijn.\" aria-required=\"true\" data-invmsg=\"Please enter a valid email address\" aria-invalid=\"false\"  \/>\r\n    \r\n    \r\n<\/div>\n<div id=\"frm_field_20_container\" class=\"frm_form_field form-field  frm_required_field frm_top_container frm_full\">\r\n    <label for=\"field_e6lis64\" id=\"field_e6lis64_label\" class=\"frm_primary_label\">Telefon\r\n        <span class=\"frm_required\">*<\/span>\r\n    <\/label>\r\n    <input type=\"text\" id=\"field_e6lis64\" name=\"item_meta[20]\" value=\"\"  data-reqmsg=\"Dit veld mag niet leeg zijn.\" aria-required=\"true\" data-invmsg=\"Subject is ongeldig\" aria-invalid=\"false\"  \/>\r\n    \r\n    \r\n<\/div>\n<div id=\"frm_field_21_container\" class=\"frm_form_field form-field  frm_required_field frm_top_container frm_full\">\r\n    <label for=\"field_9jv0r14\" id=\"field_9jv0r14_label\" class=\"frm_primary_label\">Frage\/bemerkung\r\n        <span class=\"frm_required\">*<\/span>\r\n    <\/label>\r\n    <textarea name=\"item_meta[21]\" id=\"field_9jv0r14\" rows=\"5\"  data-reqmsg=\"Dit veld mag niet leeg zijn.\" aria-required=\"true\" data-invmsg=\"Frage\/bemerkung ist ung\u00fcltig\" aria-invalid=\"false\"  ><\/textarea>\r\n    \r\n    \r\n<\/div>\n<div id=\"frm_field_22_container\" class=\"frm_form_field form-field  frm_top_container vertical_radio\">\r\n    <div  id=\"field_ehb9t3_label\" class=\"frm_primary_label\">Newsletter\r\n        <span class=\"frm_required\"><\/span>\r\n    <\/div>\r\n    <div class=\"frm_opt_container\" aria-labelledby=\"field_ehb9t3_label\" role=\"group\">\t\t<div class=\"frm_checkbox\" id=\"frm_checkbox_22-0\">\t\t\t<label  for=\"field_ehb9t3-0\">\n\t\t\t<input type=\"checkbox\" name=\"item_meta[22][]\" id=\"field_ehb9t3-0\" value=\"Ja, ich m\u00f6chte \u00fcber die neuesten Nachrichten von Profi Parts in Form eines Newsletters informiert werden\"  data-invmsg=\"Newsletter ist ung\u00fcltig\"   \/> Ja, ich m\u00f6chte \u00fcber die neuesten Nachrichten von Profi Parts in Form eines Newsletters informiert werden<\/label><\/div>\n<\/div>\r\n    \r\n    \r\n<\/div>\n\t<input type=\"hidden\" name=\"item_key\" value=\"\" \/>\n\t\t\t<div id=\"frm_field_23_container\">\n\t\t\t<label for=\"field_ncsm\" >\n\t\t\t\tFalls Du menschlich bist, lasse dieses Feld leer.\t\t\t<\/label>\n\t\t\t<input  id=\"field_ncsm\" type=\"text\" class=\"frm_form_field form-field frm_verify\" name=\"item_meta[23]\" value=\"\"  \/>\n\t\t<\/div>\n\t\t<input name=\"frm_state\" type=\"hidden\" value=\"q1NrEoujTIoEoIWjXMnQRQu08W7pXyMz4ocdwCBY5kk=\" \/><div class=\"frm_submit\">\r\n\r\n<button class=\"frm_button_submit\" type=\"submit\"  >Absenden<\/button>\r\n\r\n<\/div><\/div>\n<\/fieldset>\n<\/div>\n\n<\/form>\n<\/div>\n[\/vc_column_text][\/vc_column][\/vc_row][vc_row full_width=&#8220;stretch_row_content_no_spaces&#8220; css=&#8220;.vc_custom_1570610997092{margin-top: 50px !important;}&#8220;][vc_column][vc_column_text css=&#8220;.vc_custom_1570611188806{margin-bottom: 0px !important;}&#8220;]<\/p>\n<div style=\"line-height: 0;\"><iframe loading=\"lazy\" style=\"border: 0;\" src=\"https:\/\/www.google.com\/maps\/embed?pb=!1m14!1m8!1m3!1d9916.995886546481!2d5.1833386!3d51.5820002!3m2!1i1024!2i768!4f13.1!3m3!1m2!1s0x0%3A0xd10b7bc7e7f24ac3!2sProfi-Parts+B.V.!5e0!3m2!1snl!2snl!4v1502372987176\" width=\"100%\" height=\"450\" frameborder=\"0\" data-mce-fragment=\"1\"><\/iframe><\/div>\n<p>[\/vc_column_text][\/vc_column][\/vc_row]<\/p>\n<\/div>","protected":false},"excerpt":{"rendered":"<p>[vc_row][vc_column][vc_column_text]Profi-Parts b.v. Gasthuisstraat 16-A 5061 PB Oisterwijk The Netherlands T +31 (0)13 528 8211 F +31 (0)13 521 9608 E sales@profiparts.nl I www.profiparts.nl Haben Sie eine Frage oder einen Kommentar? F\u00fcllen Sie das untenstehende Formular aus und wir werden uns mit Ihnen in Verbindung setzen Profi Parts nimmt Ihre Privatsph\u00e4re ernst. Ihre Daten werden verwendet, [&hellip;]<\/p>\n","protected":false},"author":1,"featured_media":0,"parent":0,"menu_order":0,"comment_status":"closed","ping_status":"closed","template":"","meta":{"footnotes":""},"class_list":["post-1328","page","type-page","status-publish","hentry"],"_links":{"self":[{"href":"https:\/\/www.profiparts.nl\/de\/wp-json\/wp\/v2\/pages\/1328","targetHints":{"allow":["GET"]}}],"collection":[{"href":"https:\/\/www.profiparts.nl\/de\/wp-json\/wp\/v2\/pages"}],"about":[{"href":"https:\/\/www.profiparts.nl\/de\/wp-json\/wp\/v2\/types\/page"}],"author":[{"embeddable":true,"href":"https:\/\/www.profiparts.nl\/de\/wp-json\/wp\/v2\/users\/1"}],"replies":[{"embeddable":true,"href":"https:\/\/www.profiparts.nl\/de\/wp-json\/wp\/v2\/comments?post=1328"}],"version-history":[{"count":4,"href":"https:\/\/www.profiparts.nl\/de\/wp-json\/wp\/v2\/pages\/1328\/revisions"}],"predecessor-version":[{"id":17654,"href":"https:\/\/www.profiparts.nl\/de\/wp-json\/wp\/v2\/pages\/1328\/revisions\/17654"}],"wp:attachment":[{"href":"https:\/\/www.profiparts.nl\/de\/wp-json\/wp\/v2\/media?parent=1328"}],"curies":[{"name":"wp","href":"https:\/\/api.w.org\/{rel}","templated":true}]}}